{"id":2,"date":"2025-06-19T23:10:40","date_gmt":"2025-06-19T23:10:40","guid":{"rendered":"https:\/\/espai2.mejordiaparapublicar.com\/?page_id=2"},"modified":"2025-11-15T19:50:52","modified_gmt":"2025-11-15T19:50:52","slug":"sample-page","status":"publish","type":"page","link":"https:\/\/espai2.mejordiaparapublicar.com\/index.php\/sample-page\/","title":{"rendered":"El Chef sin sentido del gusto"},"content":{"rendered":"\n<p>Hacer marketing sin anal\u00edtica es como cocinar para un banquete de bodas sin probar la comida.<\/p>\n\n\n\n<p>T\u00fa crees que has preparado una&nbsp;<em>velout\u00e9<\/em>&nbsp;de marisco exquisita porque has seguido la receta de tu abuela.&nbsp;Te sientes orgulloso.<\/p>\n\n\n\n<blockquote class=\"wp-block-quote is-layout-flow wp-block-quote-is-layout-flow\">\n<p>La anal\u00edtica es el camarero que entra a la cocina y te susurra:\u00a0\u00abJefe,\u00a0nadie se est\u00e1 comiendo la sopa.\u00a0Dicen que sabe a jab\u00f3n.\u00a0Ah,\u00a0y todos se est\u00e1n peleando por el pan duro de la entrada\u00bb.\u00a0Sin ese dato,\u00a0seguir\u00edas sirviendo sopa con sabor a jab\u00f3n hasta la tarta nupcial.<\/p>\n<\/blockquote>\n","protected":false},"excerpt":{"rendered":"<p>Hacer marketing sin anal\u00edtica es como cocinar para un banquete de bodas sin probar la comida. T\u00fa crees que has preparado una&nbsp;velout\u00e9&nbsp;de marisco exquisita porque has seguido la receta de tu abuela.&nbsp;Te sientes orgulloso. La anal\u00edtica es el camarero que entra a la cocina y te susurra:\u00a0\u00abJefe,\u00a0nadie se est\u00e1 comiendo la sopa.\u00a0Dicen que sabe a [&hellip;]<\/p>\n","protected":false},"author":1,"featured_media":0,"parent":0,"menu_order":0,"comment_status":"closed","ping_status":"open","template":"","meta":{"googlesitekit_rrm_CAow6sijDA:productID":"","footnotes":""},"class_list":["post-2","page","type-page","status-publish","hentry"],"_links":{"self":[{"href":"https:\/\/espai2.mejordiaparapublicar.com\/index.php\/wp-json\/wp\/v2\/pages\/2","targetHints":{"allow":["GET"]}}],"collection":[{"href":"https:\/\/espai2.mejordiaparapublicar.com\/index.php\/wp-json\/wp\/v2\/pages"}],"about":[{"href":"https:\/\/espai2.mejordiaparapublicar.com\/index.php\/wp-json\/wp\/v2\/types\/page"}],"author":[{"embeddable":true,"href":"https:\/\/espai2.mejordiaparapublicar.com\/index.php\/wp-json\/wp\/v2\/users\/1"}],"replies":[{"embeddable":true,"href":"https:\/\/espai2.mejordiaparapublicar.com\/index.php\/wp-json\/wp\/v2\/comments?post=2"}],"version-history":[{"count":2,"href":"https:\/\/espai2.mejordiaparapublicar.com\/index.php\/wp-json\/wp\/v2\/pages\/2\/revisions"}],"predecessor-version":[{"id":24,"href":"https:\/\/espai2.mejordiaparapublicar.com\/index.php\/wp-json\/wp\/v2\/pages\/2\/revisions\/24"}],"wp:attachment":[{"href":"https:\/\/espai2.mejordiaparapublicar.com\/index.php\/wp-json\/wp\/v2\/media?parent=2"}],"curies":[{"name":"wp","href":"https:\/\/api.w.org\/{rel}","templated":true}]}}