{"id":6,"date":"2025-06-19T21:12:12","date_gmt":"2025-06-19T21:12:12","guid":{"rendered":"https:\/\/espai2.mejordiaparapublicar.com\/?page_id=6"},"modified":"2025-11-15T19:48:45","modified_gmt":"2025-11-15T19:48:45","slug":"espai-2-analitica-digital","status":"publish","type":"page","link":"https:\/\/espai2.mejordiaparapublicar.com\/","title":{"rendered":"Espai 2 &#8211; Anal\u00edtica Digital"},"content":{"rendered":"\n<div class=\"wp-block-group alignfull has-global-padding is-layout-constrained wp-container-core-group-is-layout-0c9c989a wp-block-group-is-layout-constrained\" style=\"min-height:0vh;margin-top:0;margin-bottom:0;padding-top:var(--wp--preset--spacing--70);padding-right:var(--wp--preset--spacing--40);padding-bottom:var(--wp--preset--spacing--70);padding-left:var(--wp--preset--spacing--40)\">\n<div class=\"wp-block-group has-global-padding is-layout-constrained wp-container-core-group-is-layout-346627ba wp-block-group-is-layout-constrained\">\n<h2 class=\"wp-block-heading has-text-align-center has-xx-large-font-size\" style=\"margin-right:0;margin-left:0;padding-right:0;padding-left:0\">El m\u00e9dico ciego<\/h2>\n\n\n\n<p class=\"has-text-align-center\">Operar una web sin anal\u00edtica es como ir al m\u00e9dico y que te diga:\u00a0\u00abT\u00f3mate estas pastillas azules\u00bb.\u00a0T\u00fa preguntas:\u00a0\u00ab\u00bfPor qu\u00e9?\u00a0\u00bfQu\u00e9 tengo?\u00bb Y \u00e9l responde:\u00a0\u00abNi idea.\u00a0Pero a mi primo le sentaron genial para el dolor de rodilla y t\u00fa tienes cara de tener rodillas\u00bb.\u00a0La anal\u00edtica es el diagn\u00f3stico.\u00a0Sin ella,\u00a0est\u00e1s recetando soluciones a problemas que no sabes si tienes.<\/p>\n\n\n\n<div class=\"wp-block-buttons is-content-justification-center is-layout-flex wp-container-core-buttons-is-layout-a89b3969 wp-block-buttons-is-layout-flex\">\n<div class=\"wp-block-button\"><a class=\"wp-block-button__link wp-element-button\" href=\"https:\/\/espai2.mejordiaparapublicar.com\/index.php\/gtm\/\" target=\"_blank\" rel=\"noreferrer noopener\">Saber m\u00e1s<\/a><\/div>\n<\/div>\n<\/div>\n<\/div>\n\n\n\n<div class=\"wp-block-group alignfull is-style-section-1 has-global-padding is-layout-constrained wp-block-group-is-layout-constrained is-style-section-1--1\" style=\"margin-top:0;margin-bottom:0;padding-top:var(--wp--preset--spacing--80);padding-bottom:var(--wp--preset--spacing--80)\">\n<div class=\"wp-block-columns alignwide is-layout-flex wp-container-core-columns-is-layout-66fad18a wp-block-columns-is-layout-flex\">\n<div class=\"wp-block-column is-layout-flow wp-block-column-is-layout-flow\" style=\"padding-right:var(--wp--preset--spacing--50);flex-basis:45%\">\n<figure class=\"wp-block-image size-full\"><img decoding=\"async\" src=\"https:\/\/espai2.mejordiaparapublicar.com\/wp-content\/themes\/twentytwentyfive\/assets\/images\/red-hibiscus-closeup.webp\" alt=\"Primer plano fotogr\u00e1fico de una flor roja.\"\/><\/figure>\n\n\n\n<div class=\"wp-block-group has-global-padding is-layout-constrained wp-block-group-is-layout-constrained\" style=\"margin-top:-12vw\">\n<figure class=\"wp-block-image alignright size-full is-resized\" style=\"margin-right:-5vw;margin-left:-5vw\"><img decoding=\"async\" src=\"https:\/\/espai2.mejordiaparapublicar.com\/wp-content\/themes\/twentytwentyfive\/assets\/images\/grid-flower-2.webp\" alt=\"Fotograf\u00eda en blanco y negro primer plano de una flor.\" style=\"width:202px\"\/><\/figure>\n<\/div>\n<\/div>\n\n\n\n<div class=\"wp-block-column is-vertically-aligned-center is-layout-flow wp-block-column-is-layout-flow\" style=\"padding-right:0;padding-left:0;flex-basis:50%\">\n<div class=\"wp-block-group is-vertical is-layout-flex wp-container-core-group-is-layout-fe9cc265 wp-block-group-is-layout-flex\">\n<h2 class=\"wp-block-heading is-style-text-annotation is-style-text-annotation--2\"><a href=\"https:\/\/espai2.mejordiaparapublicar.com\/index.php\/gtm\/\" target=\"_blank\" rel=\"noreferrer noopener\">Qui\u00e9nes somos<\/a><\/h2>\n<\/div>\n\n\n\n<p class=\"is-style-text-subtitle is-style-text-subtitle--3\">El restaurante a oscuras<\/p>\n\n\n\n<p>Imagina un restaurante donde se va la luz.\u00a0Los camareros corren,\u00a0chocan y sirven la sopa en los zapatos de los clientes.\u00a0Al final de la noche,\u00a0cuentas el dinero de la caja y dices:\u00a0\u00ab\u00a1Hemos ganado 50 euros!\u00a0\u00a1Repitamos esta estrategia ma\u00f1ana!\u00bb La anal\u00edtica es la luz.\u00a0Te permite ver que,\u00a0aunque ganaste 50 euros,\u00a020 clientes se fueron manchados de sopa y jurando no volver jam\u00e1s.<\/p>\n<\/div>\n<\/div>\n<\/div>\n\n\n\n<div class=\"wp-block-group alignfull has-global-padding is-layout-constrained wp-container-core-group-is-layout-ebee8dc1 wp-block-group-is-layout-constrained\" style=\"margin-top:0;margin-bottom:0;padding-top:var(--wp--preset--spacing--50);padding-bottom:var(--wp--preset--spacing--50)\">\n<h2 class=\"wp-block-heading alignwide\">El arquero miope<\/h2>\n\n\n\n<div class=\"wp-block-columns alignwide is-layout-flex wp-container-core-columns-is-layout-28f84493 wp-block-columns-is-layout-flex\">\n<div class=\"wp-block-column is-layout-flow wp-block-column-is-layout-flow\">\n<figure class=\"wp-block-image size-full\" style=\"margin-bottom:24px\"><img decoding=\"async\" src=\"https:\/\/espai2.mejordiaparapublicar.com\/wp-content\/themes\/twentytwentyfive\/assets\/images\/campanula-alliariifolia-flower.webp\" alt=\"Imagen para el servicio\" style=\"aspect-ratio:4\/3;object-fit:cover\"\/><\/figure>\n\n\n\n<h3 class=\"wp-block-heading\">Sin datos<\/h3>\n\n\n\n<p class=\"has-medium-font-size\">Hacer marketing sin medir datos es como practicar tiro con arco con los ojos vendados.\u00a0Disparas 100 flechas (tu presupuesto).<\/p>\n<\/div>\n\n\n\n<div class=\"wp-block-column is-layout-flow wp-block-column-is-layout-flow\">\n<figure class=\"wp-block-image size-full\" style=\"margin-bottom:24px\"><img decoding=\"async\" src=\"https:\/\/espai2.mejordiaparapublicar.com\/wp-content\/themes\/twentytwentyfive\/assets\/images\/delphinium-flowers.webp\" alt=\"Imagen para el servicio\" style=\"aspect-ratio:4\/3;object-fit:cover\"\/><\/figure>\n\n\n\n<h3 class=\"wp-block-heading\">no sabes<\/h3>\n\n\n\n<p class=\"has-medium-font-size\">Escuchas un grito a lo lejos.\u00a0T\u00fa piensas:\u00a0\u00ab\u00a1Le di a la diana!\u00bb La realidad:\u00a0Le diste al se\u00f1or que vend\u00eda helados en el parque de al lado.<\/p>\n<\/div>\n\n\n\n<div class=\"wp-block-column is-layout-flow wp-block-column-is-layout-flow\">\n<figure class=\"wp-block-image size-full\" style=\"margin-bottom:24px\"><img decoding=\"async\" src=\"https:\/\/espai2.mejordiaparapublicar.com\/wp-content\/themes\/twentytwentyfive\/assets\/images\/star-thristle-flower.webp\" alt=\"Imagen para el servicio\" style=\"aspect-ratio:4\/3;object-fit:cover\"\/><\/figure>\n\n\n\n<h3 class=\"wp-block-heading\">qu\u00e9 sucede<\/h3>\n\n\n\n<p class=\"has-medium-font-size\">La anal\u00edtica te quita la venda para que dejes de gastar flechas hiriendo a inocentes y empieces a dar en el blanco.<\/p>\n<\/div>\n<\/div>\n<\/div>\n\n\n\n<div class=\"wp-block-group alignfull has-global-padding is-layout-constrained wp-block-group-is-layout-constrained\" style=\"margin-top:0;margin-bottom:0;padding-top:var(--wp--preset--spacing--60);padding-bottom:var(--wp--preset--spacing--60)\">\n<div class=\"wp-block-columns alignwide is-layout-flex wp-container-core-columns-is-layout-74b2cda3 wp-block-columns-is-layout-flex\">\n<div class=\"wp-block-column is-layout-flow wp-block-column-is-layout-flow\">\n<div class=\"wp-block-group is-vertical is-content-justification-left is-layout-flex wp-container-core-group-is-layout-7ce391b6 wp-block-group-is-layout-flex\" style=\"min-height:100%\">\n<h2 class=\"wp-block-heading is-style-text-annotation has-x-small-font-size is-style-text-annotation--4\">Lo que dice la gente<\/h2>\n\n\n\n<blockquote class=\"wp-block-quote is-style-plain has-x-large-font-size is-layout-flow wp-container-core-quote-is-layout-5dafc681 wp-block-quote-is-layout-flow is-style-plain--5\" style=\"font-style:normal;font-weight:400\">\n<div class=\"wp-block-group has-global-padding is-content-justification-left is-layout-constrained wp-container-core-group-is-layout-085bd3d9 wp-block-group-is-layout-constrained\" style=\"margin-top:0;margin-bottom:0;padding-top:0;padding-right:0;padding-bottom:0;padding-left:0\">\n<p class=\"has-xx-large-font-size\">\u00ab\u00a1GTM es magn\u00edfico!\u00bb<\/p>\n<\/div>\n<cite>Jo Mulligan <br><sub>Atlanta, GA<\/sub><\/cite><\/blockquote>\n<\/div>\n<\/div>\n\n\n\n<div class=\"wp-block-column is-layout-flow wp-block-column-is-layout-flow\" style=\"padding-top:0;padding-right:0;padding-bottom:0;padding-left:0\">\n<figure class=\"wp-block-image size-large\"><img decoding=\"async\" src=\"https:\/\/espai2.mejordiaparapublicar.com\/wp-content\/themes\/twentytwentyfive\/assets\/images\/typewriter.webp\" alt=\"Imagen de una persona tecleando en una m\u00e1quina de escribir.\" style=\"aspect-ratio:1;object-fit:cover\"\/><\/figure>\n<\/div>\n<\/div>\n\n\n\n<figure class=\"wp-block-embed is-type-video is-provider-youtube wp-block-embed-youtube wp-embed-aspect-16-9 wp-has-aspect-ratio\"><div class=\"wp-block-embed__wrapper\">\n<iframe loading=\"lazy\" title=\"Google Tag Gateway. What is it and how to configure it?\" width=\"500\" height=\"281\" src=\"https:\/\/www.youtube.com\/embed\/YEUA6d2wieE?start=11&#038;feature=oembed&#038;enablejsapi=1&#038;origin=https:\/\/espai2.mejordiaparapublicar.com\" frameborder=\"0\" allow=\"accelerometer; autoplay; clipboard-write; encrypted-media; gyroscope; picture-in-picture; web-share\" referrerpolicy=\"strict-origin-when-cross-origin\" allowfullscreen><\/iframe>\n<\/div><\/figure>\n<\/div>\n\n\n\n<div class=\"wp-block-group alignfull has-global-padding is-layout-constrained wp-block-group-is-layout-constrained\" style=\"margin-top:0;margin-bottom:0;padding-top:var(--wp--preset--spacing--60);padding-bottom:var(--wp--preset--spacing--60)\">\n<h2 class=\"wp-block-heading alignwide has-text-align-center\">La valla publicitaria en la alcantarilla<\/h2>\n\n\n\n<p class=\"has-text-align-center\">Tienes el mejor anuncio del mundo.\u00a0Es ingenioso,\u00a0el dise\u00f1o es precioso y la oferta es irresistible.\u00a0Pero,\u00a0sin anal\u00edtica,\u00a0decides ponerlo donde \u00absientes\u00bb que estar\u00e1 seguro.\u00a0Resulta que lo has pegado en la pared de un t\u00fanel del alcantarillado.\u00a0\u00bfQui\u00e9n lo ve?\u00a0Tres ratas y una tortuga ninja.\u00a0La anal\u00edtica te dice:\u00a0\u00abSaca eso de ah\u00ed y ponlo en Instagram,\u00a0que es donde est\u00e1n los humanos\u00bb.<\/p>\n\n\n\n<div style=\"height:var(--wp--preset--spacing--40)\" aria-hidden=\"true\" class=\"wp-block-spacer\"><\/div>\n\n\n\n<h2 class=\"wp-block-heading alignwide has-text-align-center\">Ejemplo para clicar<\/h2>\n\n\n\n<div class=\"wp-block-columns alignwide is-layout-flex wp-container-core-columns-is-layout-1d9f35bd wp-block-columns-is-layout-flex\">\n<div class=\"wp-block-column has-border-color is-layout-flow wp-block-column-is-layout-flow\" style=\"border-color:var(--wp--preset--color--accent-6);border-width:1px;border-radius:10px;padding-top:var(--wp--preset--spacing--50);padding-right:var(--wp--preset--spacing--50);padding-bottom:var(--wp--preset--spacing--50);padding-left:var(--wp--preset--spacing--50)\">\n<h3 class=\"wp-block-heading\" id=\"free\">Gratis<\/h3>\n\n\n\n<p class=\"has-large-font-size\">0\u20ac<\/p>\n\n\n\n<ul style=\"padding-bottom:var(--wp--preset--spacing--20);padding-left:var(--wp--preset--spacing--20)\" class=\"wp-block-list is-style-checkmark-list has-small-font-size\">\n<li>Accede a nuestros art\u00edculos de pago y al bolet\u00edn semanal.<\/li>\n\n\n\n<li>\u00danete a nuestros eventos presenciales.<\/li>\n\n\n\n<li>Consigue una bolsa de asas gratis.<\/li>\n\n\n\n<li>Un complemento elegante de la colecci\u00f3n de decoraciones del hogar.<\/li>\n\n\n\n<li>\u00danete a nuestros foros.<\/li>\n<\/ul>\n\n\n\n<div class=\"wp-block-buttons is-content-justification-center is-layout-flex wp-container-core-buttons-is-layout-a89b3969 wp-block-buttons-is-layout-flex\">\n<div class=\"wp-block-button has-custom-width wp-block-button__width-100\"><a class=\"wp-block-button__link wp-element-button\" href=\"https:\/\/espai2.mejordiaparapublicar.com\/index.php\/gtm\/\" target=\"_blank\" rel=\"noreferrer noopener\">\u00danete<\/a><\/div>\n<\/div>\n<\/div>\n\n\n\n<div class=\"wp-block-column has-border-color is-layout-flow wp-block-column-is-layout-flow\" style=\"border-color:var(--wp--preset--color--accent-6);border-width:1px;border-radius:10px;padding-top:var(--wp--preset--spacing--50);padding-right:var(--wp--preset--spacing--50);padding-bottom:var(--wp--preset--spacing--50);padding-left:var(--wp--preset--spacing--50)\">\n<h3 class=\"wp-block-heading\" id=\"single\">\u00danico<\/h3>\n\n\n\n<p class=\"has-large-font-size\">20\u20ac\/mes<\/p>\n\n\n\n<ul style=\"padding-bottom:var(--wp--preset--spacing--20);padding-left:var(--wp--preset--spacing--20)\" class=\"wp-block-list is-style-checkmark-list has-small-font-size\">\n<li>Accede a nuestros art\u00edculos de pago y al bolet\u00edn semanal.<\/li>\n\n\n\n<li>\u00danete a nuestros eventos presenciales.<\/li>\n\n\n\n<li>Consigue una bolsa de asas gratis.<\/li>\n\n\n\n<li>Un complemento elegante de la colecci\u00f3n de decoraciones del hogar.<\/li>\n\n\n\n<li>\u00danete a nuestros foros.<\/li>\n<\/ul>\n\n\n\n<div class=\"wp-block-buttons is-content-justification-center is-layout-flex wp-container-core-buttons-is-layout-a89b3969 wp-block-buttons-is-layout-flex\">\n<div class=\"wp-block-button has-custom-width wp-block-button__width-100\"><a class=\"wp-block-button__link wp-element-button\" href=\"https:\/\/espai2.mejordiaparapublicar.com\/index.php\/gtm\/\" target=\"_blank\" rel=\"noreferrer noopener\">\u00danete<\/a><\/div>\n<\/div>\n<\/div>\n<\/div>\n<\/div>\n\n\n\n<aside class=\"wp-block-group alignfull is-style-section-3 has-global-padding is-layout-constrained wp-container-core-group-is-layout-f0f2a97b wp-block-group-is-layout-constrained is-style-section-3--6\" style=\"margin-top:0;margin-bottom:0;padding-top:var(--wp--preset--spacing--50);padding-right:var(--wp--preset--spacing--50);padding-bottom:var(--wp--preset--spacing--50);padding-left:var(--wp--preset--spacing--50)\">\n<div class=\"wp-block-group is-vertical is-content-justification-center is-layout-flex wp-container-core-group-is-layout-8778ca4a wp-block-group-is-layout-flex\" style=\"min-height:360px;margin-top:0;margin-bottom:0\">\n<h2 class=\"wp-block-heading has-text-align-center has-xx-large-font-size\">Usa GTM y GA4<\/h2>\n\n\n\n<p class=\"has-text-align-center is-style-text-subtitle is-style-text-subtitle--7\">Y no te pierdas nada de lo que sucede en tu p\u00e1gina web<\/p>\n\n\n\n<div style=\"height:0px\" aria-hidden=\"true\" class=\"wp-block-spacer wp-container-content-62aae154\"><\/div>\n\n\n\n<div class=\"wp-block-buttons is-content-justification-center is-layout-flex wp-container-core-buttons-is-layout-a89b3969 wp-block-buttons-is-layout-flex\">\n<div class=\"wp-block-button\"><a class=\"wp-block-button__link has-text-align-center wp-element-button\" href=\"https:\/\/espai2.mejordiaparapublicar.com\/index.php\/gtm\/\" target=\"_blank\" rel=\"noreferrer noopener\">Suscr\u00edbete<\/a><\/div>\n<\/div>\n<\/div>\n<\/aside>\n","protected":false},"excerpt":{"rendered":"<p>El m\u00e9dico ciego Operar una web sin anal\u00edtica es como ir al m\u00e9dico y que te diga:\u00a0\u00abT\u00f3mate estas pastillas azules\u00bb.\u00a0T\u00fa preguntas:\u00a0\u00ab\u00bfPor qu\u00e9?\u00a0\u00bfQu\u00e9 tengo?\u00bb Y \u00e9l responde:\u00a0\u00abNi idea.\u00a0Pero a mi primo le sentaron genial para el dolor de rodilla y t\u00fa tienes cara de tener rodillas\u00bb.\u00a0La anal\u00edtica es el diagn\u00f3stico.\u00a0Sin ella,\u00a0est\u00e1s recetando soluciones a problemas que [&hellip;]<\/p>\n","protected":false},"author":1,"featured_media":0,"parent":0,"menu_order":0,"comment_status":"closed","ping_status":"closed","template":"","meta":{"googlesitekit_rrm_CAow6sijDA:productID":"","footnotes":""},"class_list":["post-6","page","type-page","status-publish","hentry"],"_links":{"self":[{"href":"https:\/\/espai2.mejordiaparapublicar.com\/index.php\/wp-json\/wp\/v2\/pages\/6","targetHints":{"allow":["GET"]}}],"collection":[{"href":"https:\/\/espai2.mejordiaparapublicar.com\/index.php\/wp-json\/wp\/v2\/pages"}],"about":[{"href":"https:\/\/espai2.mejordiaparapublicar.com\/index.php\/wp-json\/wp\/v2\/types\/page"}],"author":[{"embeddable":true,"href":"https:\/\/espai2.mejordiaparapublicar.com\/index.php\/wp-json\/wp\/v2\/users\/1"}],"replies":[{"embeddable":true,"href":"https:\/\/espai2.mejordiaparapublicar.com\/index.php\/wp-json\/wp\/v2\/comments?post=6"}],"version-history":[{"count":4,"href":"https:\/\/espai2.mejordiaparapublicar.com\/index.php\/wp-json\/wp\/v2\/pages\/6\/revisions"}],"predecessor-version":[{"id":21,"href":"https:\/\/espai2.mejordiaparapublicar.com\/index.php\/wp-json\/wp\/v2\/pages\/6\/revisions\/21"}],"wp:attachment":[{"href":"https:\/\/espai2.mejordiaparapublicar.com\/index.php\/wp-json\/wp\/v2\/media?parent=6"}],"curies":[{"name":"wp","href":"https:\/\/api.w.org\/{rel}","templated":true}]}}